{"id":1286,"date":"2022-02-21T08:02:31","date_gmt":"2022-02-21T08:02:31","guid":{"rendered":"https:\/\/sustaininvest.hr\/obavijest\/"},"modified":"2025-04-14T11:27:31","modified_gmt":"2025-04-14T11:27:31","slug":"obavijest","status":"publish","type":"page","link":"https:\/\/sustaininvest.hr\/hr\/obavijest\/","title":{"rendered":"Obavijest"},"content":{"rendered":"\t\t<div data-elementor-type=\"wp-page\" data-elementor-id=\"1286\" class=\"elementor elementor-1286 elementor-428\">\n\t\t\t\t\t\t\t\t\t<section class=\"has_ae_slider elementor-section elementor-top-section elementor-element elementor-element-b0f17f7 elementor-section-content-bottom elementor-section-boxed elementor-section-height-default elementor-section-height-default ae-bg-gallery-type-default\" data-id=\"b0f17f7\" data-element_type=\"section\">\n\t\t\t\t\t\t<div class=\"elementor-container elementor-column-gap-default\">\n\t\t\t\t\t<div class=\"has_ae_slider elementor-column elementor-col-100 elementor-top-column elementor-element elementor-element-ce84360 ae-bg-gallery-type-default\" data-id=\"ce84360\" data-element_type=\"column\">\n\t\t\t<div class=\"elementor-widget-wrap elementor-element-populated\">\n\t\t\t\t\t\t\t\t<div class=\"elementor-element elementor-element-30d41c9 elementor-widget elementor-widget-heading\" data-id=\"30d41c9\" data-element_type=\"widget\" data-widget_type=\"heading.default\">\n\t\t\t\t<div class=\"elementor-widget-container\">\n\t\t\t<style>\/*! elementor - v3.15.0 - 20-08-2023 *\/\n.elementor-heading-title{padding:0;margin:0;line-height:1}.elementor-widget-heading .elementor-heading-title[class*=elementor-size-]>a{color:inherit;font-size:inherit;line-height:inherit}.elementor-widget-heading .elementor-heading-title.elementor-size-small{font-size:15px}.elementor-widget-heading .elementor-heading-title.elementor-size-medium{font-size:19px}.elementor-widget-heading .elementor-heading-title.elementor-size-large{font-size:29px}.elementor-widget-heading .elementor-heading-title.elementor-size-xl{font-size:39px}.elementor-widget-heading .elementor-heading-title.elementor-size-xxl{font-size:59px}<\/style><h2 class=\"elementor-heading-title elementor-size-default\">BestInvest Hrvatska: Mate Rimac osniva\u010d godine, Infobipu i Microblinku nagrade za najbolje venture capital investicije<\/h2>\t\t<\/div>\n\t\t\t\t<\/div>\n\t\t\t\t<div class=\"elementor-element elementor-element-999ae2c elementor-widget elementor-widget-text-editor\" data-id=\"999ae2c\" data-element_type=\"widget\" data-widget_type=\"text-editor.default\">\n\t\t\t\t<div class=\"elementor-widget-container\">\n\t\t\t<style>\/*! elementor - v3.15.0 - 20-08-2023 *\/\n.elementor-widget-text-editor.elementor-drop-cap-view-stacked .elementor-drop-cap{background-color:#69727d;color:#fff}.elementor-widget-text-editor.elementor-drop-cap-view-framed .elementor-drop-cap{color:#69727d;border:3px solid;background-color:transparent}.elementor-widget-text-editor:not(.elementor-drop-cap-view-default) .elementor-drop-cap{margin-top:8px}.elementor-widget-text-editor:not(.elementor-drop-cap-view-default) .elementor-drop-cap-letter{width:1em;height:1em}.elementor-widget-text-editor .elementor-drop-cap{float:left;text-align:center;line-height:1;font-size:50px}.elementor-widget-text-editor .elementor-drop-cap-letter{display:inline-block}<\/style>\t\t\t\t<div class=\"announcement-title-wrapper\">\n<div class=\"blu-subtitle\">6. SRPNJA 2021.<\/div>\n<\/div>\n\t\t\t\t\t\t<\/div>\n\t\t\t\t<\/div>\n\t\t\t\t<div class=\"elementor-element elementor-element-693a8db elementor-widget elementor-widget-image\" data-id=\"693a8db\" data-element_type=\"widget\" data-widget_type=\"image.default\">\n\t\t\t\t<div class=\"elementor-widget-container\">\n\t\t\t<style>\/*! elementor - v3.15.0 - 20-08-2023 *\/\n.elementor-widget-image{text-align:center}.elementor-widget-image a{display:inline-block}.elementor-widget-image a img[src$=\".svg\"]{width:48px}.elementor-widget-image img{vertical-align:middle;display:inline-block}<\/style>\t\t\t\t\t\t\t\t\t\t\t\t<img decoding=\"async\" width=\"800\" height=\"421\" src=\"https:\/\/sustaininvest.hr\/wp-content\/uploads\/2022\/02\/wide-sustainable.png\" class=\"attachment-large size-large wp-image-97\" alt=\"\" srcset=\"https:\/\/sustaininvest.hr\/wp-content\/uploads\/2022\/02\/wide-sustainable.png 950w, https:\/\/sustaininvest.hr\/wp-content\/uploads\/2022\/02\/wide-sustainable-300x158.png 300w, https:\/\/sustaininvest.hr\/wp-content\/uploads\/2022\/02\/wide-sustainable-768x404.png 768w\" sizes=\"(max-width: 800px) 100vw, 800px\" \/>\t\t\t\t\t\t\t\t\t\t\t\t\t\t\t<\/div>\n\t\t\t\t<\/div>\n\t\t\t\t<div class=\"elementor-element elementor-element-77e2ab2 elementor-widget elementor-widget-text-editor\" data-id=\"77e2ab2\" data-element_type=\"widget\" data-widget_type=\"text-editor.default\">\n\t\t\t\t<div class=\"elementor-widget-container\">\n\t\t\t\t\t\t\t<p>Na prvoj konferenciji BestInvest Hrvatska u organizaciji Hrvatske Private Equity i Venture Capital Asocijacije (CVCA) odr\u017eanoj danas u Westinu, dodjeljene su nagrade za najbolja private equity i venture capital (PE&amp;VC) ulaganja.<\/p><p>U kategoriji osniva\u010d godine, nagradu je odnio Mate Rimac, Investitor godine je One Equity Partners \u010diju su nagradu preuzeli Ante Ku\u0161urin, direktor One Equity Partners te Bo\u017een \u017divalji\u0107 iz Infobipa dok je nagradu za Venture Capital investiciju godine primio Damir Sabol iz Mikroblinka.<\/p><p>Nagradu za Private Equity investiciju godine dobila je M+ Grupa, Exit godine je dodijeljen Dalmacija hoteli tj. Prosperus Invest te je nagradu za Fundraising godine osigurao Fil Rouge Capital.<\/p><p>\u201eDodana vrijednost private equity ulaganja je \u0161to u ovom tipu poslovanja u pravilu nema prostora i potrebe za uslugama koje se, na\u017ealost nerijetko, javljaju u nekim tradicionalnim oblicima biznisa u Hrvatskoj. Tu naravno, u svjetlu aktualnih doga\u0111aja, mislim na \u201eusluge\u201c transfera novca za mito i korupciju, a posljedi\u010dno i na intervenciju Uskoka. Private equity industrija ima nultu stopu tolerancije na korupciju i zato je usredoto\u010dena na ulaganja u tvrtke koje svoje tr\u017ei\u0161te vide globalno, gdje ne postoji uloga lokalnih \u0161erifa u razvoju njihovog poslovanja.\u201c \u2013 kazala je u govoru presjednica CVCA Mirna Marovi\u0107<\/p><p>Tako\u0111er, gospo\u0111a Marovi\u0107 je naglasila da PE&amp;VC ulaganja \u201eimaju za cilj zatvaranja u tajne klubove zamijeniti otvaranjem ureda diljem svijeta, a uvr\u0161tenja poslovnih pri\u010da na stranice crne kronike zamijeniti uvr\u0161tenjem sada\u0161njih i budu\u0107ih hrvatskih &#8216;jednoroga&#8217; na svjetske burze.\u201c<\/p><p>Ministar gospodarstva i odr\u017eivog razvoja Tomislav \u0106ori\u0107 dodijelio je nagradu za Investitora godine, a stru\u010dni \u017eiri su \u010dinili eminenti stru\u010dnjaci iz poslovne zajednice: Velimir Sri\u0107a (Ekonomski fakultet), Leo Mr\u0161i\u0107 (Algebra), Ivana Ga\u017ei\u0107 (ZSE), Morena Pleji\u0107 (ZSE), Hajdi \u0106enan (CroaAI), Iva Tomi\u0107 (HUP) te Hrvoje Serdaru\u0161i\u0107.<\/p><p>Uz dodijeljene nagrade, odr\u017eana je i panel diskusija o perspektivama hrvatskog tr\u017ei\u0161ta koja je okupila nekoliko zna\u010dajnih investitora. Me\u0111u predstavnicima investitora su bili Michael Kedzia, partner u poljskom private equity fondu Enterprise Investors, Igor Hr\u017ei\u0107 iz CEE Equity Partnersa, Ivan Josipovi\u0107 iz Invera Equity Partnersa, Luka Ore\u0161kovi\u0107 iz Prosperus Investa, Igor \u010ci\u010dak iz Provectus Capital Partnersa, Vedran Blagus iz South Central Venturesa, Renata Brki\u0107 iz Feelsgood Capitala, te Julien Coustaury iz Fil Rouge Capitala. Investitori su bili slo\u017eni u tezi da se percepcija o Hrvatskoj kao zemlji koja nije privla\u010dna za ulaganja mijenja, te da u Hrvatskoj ima prilika i potencijala. Investitori smatraju kako oni ne nude samo novac prilikom investiranja, ve\u0107 nude strategiju i menad\u017ement, te stvaraju nove vrijednosti i nastoje biti partneri. Dodaju kako \u0107e private equity industrija pomo\u0107i ne samo razvoju Hrvatske, ve\u0107 i kompetitivnosti. Neki od sektora koji su atraktivni ovim investitorima su tehnolo\u0161ke tvrtke, logistika, energija, infrastruktura, maloprodaja, turizam i privatno zdravstvo.<\/p><p>Drugi panel na konferenciji je okupio brojne poznate osniva\u010de uspje\u0161nih hrvatskih tvrtki koje su prepoznate diljem svijeta. Me\u0111u osniva\u010dima su bili Damir Sabol, veteran hrvatske IT scene i osniva\u010d Microblinka i Photomatha, Tana Zimmermann, suvlasnica tvrtke Bazzar.hr, Stjepan Buljat, suosniva\u010d hrvatsko-britanskog start-upa Cognism, Antonio \u0160eparovi\u0107, suosniva\u010d i izvr\u0161ni direktor Oradiana, Josip \u0106esi\u0107, suosniva\u010d tvrtke Gideon Brothers, Jan de Jong, nizozemski poduzetnik s hrvatskom adresom, te Mate Knezovi\u0107 iz Agrivija. Osniva\u010di su bili slo\u017eni u tezi da je za uspjeh tvrtke najva\u017enije okupiti dobar tim, te da Hrvatska ima veliku priliku konkurirati na svjetskoj razini na bazi poduzetni\u010dkih ideja i znanja. Tana Zimmermann je naglasila kako se o poduzetni\u0161tvu ne u\u010di u \u0161kolama, te da je \u010desto izazovno kada se na\u0111e izme\u0111u pregovora s investitorima i razvoja svog poslovanja. Svi poduzetnici na panelu smatraju kako je za uspjeh nu\u017ena cjelo\u017eivotna edukacija, te da Hrvatska ima mnoge mlade talentirane ljude koji rade na vidljivosti Hrvatske na mapi uspje\u0161nih globalnih poduzetni\u010dkih pri\u010da.<\/p>\t\t\t\t\t\t<\/div>\n\t\t\t\t<\/div>\n\t\t\t\t<section class=\"has_ae_slider elementor-section elementor-inner-section elementor-element elementor-element-db3be98 elementor-section-boxed elementor-section-height-default elementor-section-height-default ae-bg-gallery-type-default\" data-id=\"db3be98\" data-element_type=\"section\">\n\t\t\t\t\t\t<div class=\"elementor-container elementor-column-gap-default\">\n\t\t\t\t\t<div class=\"has_ae_slider elementor-column elementor-col-100 elementor-inner-column elementor-element elementor-element-5fa239e ae-bg-gallery-type-default\" data-id=\"5fa239e\" data-element_type=\"column\">\n\t\t\t<div class=\"elementor-widget-wrap elementor-element-populated\">\n\t\t\t\t\t\t\t\t<div class=\"elementor-element elementor-element-7c97920 my-btn elementor-widget__width-auto elementor-widget elementor-widget-button\" data-id=\"7c97920\" data-element_type=\"widget\" data-widget_type=\"button.default\">\n\t\t\t\t<div class=\"elementor-widget-container\">\n\t\t\t\t\t<div class=\"elementor-button-wrapper\">\n\t\t\t<a class=\"elementor-button elementor-button-link elementor-size-md\" href=\"http:\/\/wp-content\/uploads\/2022\/02\/BestInvest.hr_brochure_HR.pdf\">\n\t\t\t\t\t\t<span class=\"elementor-button-content-wrapper\">\n\t\t\t\t\t\t<span class=\"elementor-button-text\">PREUZMI BRO\u0160URU<\/span>\n\t\t<\/span>\n\t\t\t\t\t<\/a>\n\t\t<\/div>\n\t\t\t\t<\/div>\n\t\t\t\t<\/div>\n\t\t\t\t<div class=\"elementor-element elementor-element-d246811 my-btn elementor-widget__width-auto elementor-widget elementor-widget-button\" data-id=\"d246811\" data-element_type=\"widget\" data-widget_type=\"button.default\">\n\t\t\t\t<div class=\"elementor-widget-container\">\n\t\t\t\t\t<div class=\"elementor-button-wrapper\">\n\t\t\t<a class=\"elementor-button elementor-button-link elementor-size-md\" href=\"https:\/\/www.youtube.com\/watch?v=Gy2EUEVD7rw\">\n\t\t\t\t\t\t<span class=\"elementor-button-content-wrapper\">\n\t\t\t\t\t\t<span class=\"elementor-button-text\">POGLEDAJ SNIMKU<\/span>\n\t\t<\/span>\n\t\t\t\t\t<\/a>\n\t\t<\/div>\n\t\t\t\t<\/div>\n\t\t\t\t<\/div>\n\t\t\t\t\t<\/div>\n\t\t<\/div>\n\t\t\t\t\t\t\t<\/div>\n\t\t<\/section>\n\t\t\t\t\t<\/div>\n\t\t<\/div>\n\t\t\t\t\t\t\t<\/div>\n\t\t<\/section>\n\t\t\t\t\t\t\t<\/div>\n\t\t","protected":false},"excerpt":{"rendered":"<p>BestInvest Hrvatska: Mate Rimac osniva\u010d godine, Infobipu i Microblinku nagrade za najbolje venture capital investicije 6. SRPNJA 2021. Na prvoj konferenciji BestInvest Hrvatska u organizaciji Hrvatske Private Equity i Venture Capital Asocijacije (CVCA) odr\u017eanoj danas u Westinu, dodjeljene su nagrade za najbolja private equity i venture capital (PE&amp;VC) ulaganja. U kategoriji osniva\u010d godine, nagradu je [&hellip;]<\/p>\n","protected":false},"author":1,"featured_media":0,"parent":0,"menu_order":0,"comment_status":"closed","ping_status":"closed","template":"","meta":{"footnotes":""},"class_list":["post-1286","page","type-page","status-publish","hentry"],"_links":{"self":[{"href":"https:\/\/sustaininvest.hr\/hr\/wp-json\/wp\/v2\/pages\/1286","targetHints":{"allow":["GET"]}}],"collection":[{"href":"https:\/\/sustaininvest.hr\/hr\/wp-json\/wp\/v2\/pages"}],"about":[{"href":"https:\/\/sustaininvest.hr\/hr\/wp-json\/wp\/v2\/types\/page"}],"author":[{"embeddable":true,"href":"https:\/\/sustaininvest.hr\/hr\/wp-json\/wp\/v2\/users\/1"}],"replies":[{"embeddable":true,"href":"https:\/\/sustaininvest.hr\/hr\/wp-json\/wp\/v2\/comments?post=1286"}],"version-history":[{"count":3,"href":"https:\/\/sustaininvest.hr\/hr\/wp-json\/wp\/v2\/pages\/1286\/revisions"}],"predecessor-version":[{"id":1936,"href":"https:\/\/sustaininvest.hr\/hr\/wp-json\/wp\/v2\/pages\/1286\/revisions\/1936"}],"wp:attachment":[{"href":"https:\/\/sustaininvest.hr\/hr\/wp-json\/wp\/v2\/media?parent=1286"}],"curies":[{"name":"wp","href":"https:\/\/api.w.org\/{rel}","templated":true}]}}